{"id":944,"date":"2016-01-16T13:19:32","date_gmt":"2016-01-16T13:19:32","guid":{"rendered":"http:\/\/localhost\/?p=944"},"modified":"2016-01-16T13:19:32","modified_gmt":"2016-01-16T13:19:32","slug":"die-13-grundfarben","status":"publish","type":"page","link":"https:\/\/appaloosa.ch\/wordpress\/?page_id=944","title":{"rendered":"Die 13 Grundfarben"},"content":{"rendered":"<table border=\"0\" width=\"100%\">\n<tbody>\n<tr>\n<td><a href=\"wp-content\/uploads\/pferde\/geschichte\/bay.jpg\" rel=\"lightbox[pferde]\" title=\"Bay\"><img decoding=\"async\" src=\"wp-content\/uploads\/pferde\/geschichte\/thumbs\/bay.jpg\" border=\"0\" \/><\/a><\/td>\n<td><strong>Bay:<\/strong><br \/> Diese Farbe deckt alle helleren und r\u00f6tlichen Braunt\u00f6ne ab, wobei M\u00e4hne, Schweif und die unteren Beinregionen schwarz sind.<\/td>\n<\/tr>\n<tr>\n<td><a href=\"wp-content\/uploads\/pferde\/geschichte\/darkbayorbrown.jpg\" rel=\"lightbox[pferde]\" title=\"Dark Bay or Brown\"><img decoding=\"async\" src=\"wp-content\/uploads\/pferde\/geschichte\/thumbs\/darkbayorbrown.jpg\" border=\"0\" \/><\/a><\/td>\n<td><strong>Dark Bay or Brown:<\/strong><br \/> So werden dunkel- oder schwarzbraune Pferde benannt, die um N\u00fcstern, Augen, Schultern, Unterbauch Flanken und Beininnenseiten auf Knieh\u00f6he hellere Stellen haben k\u00f6nnen. M\u00e4hne, Schweif und Beine sind schwarz, wobei unter die Farbe Brown auch Pferde fallen, die braune M\u00e4hnen- und Schweifhaare haben. Diese haben nur wenige helle Stellen, meist nur am Kopf.<\/td>\n<\/tr>\n<tr>\n<td><a href=\"wp-content\/uploads\/pferde\/geschichte\/black.jpg\" rel=\"lightbox[pferde]\" title=\"Black\"><img decoding=\"async\" src=\"wp-content\/uploads\/pferde\/geschichte\/thumbs\/black.jpg\" border=\"0\" \/><\/a><\/td>\n<td><strong>Black:<\/strong><br \/> Schwarze Pferde ohne irgendwelche helleren Schattierungen mit schwarzem Behang<\/td>\n<\/tr>\n<tr>\n<td><a href=\"wp-content\/uploads\/pferde\/geschichte\/white.jpg\" rel=\"lightbox[pferde]\" title=\"White\"><img decoding=\"async\" src=\"wp-content\/uploads\/pferde\/geschichte\/thumbs\/white.jpg\" border=\"0\" \/><\/a><\/td>\n<td><strong>White:<\/strong><br \/> Die Fellfarbe ist schneeweiss mit rosa oder leicht pigmentiertem Hintergrund. Appaloosas, die eine weisse Grundfarbe mit dunklen Spots (markanten, meist kreisrunden oder ovalen Flecken) haben, werden im Sprachgebrauch Leopards genannt, im Abstammungsnachweis steht jedoch White with few Spots. Der Behang ist stets weiss ohne dunkle Str\u00e4hnen, es sei denn, diese resultieren aus einem Spot nahe der M\u00e4hne.<\/td>\n<\/tr>\n<tr>\n<td><a href=\"wp-content\/uploads\/pferde\/geschichte\/buckskin.jpg\" rel=\"lightbox[pferde]\" title=\"Buckskin\"><img decoding=\"async\" src=\"wp-content\/uploads\/pferde\/geschichte\/thumbs\/buckskin.jpg\" border=\"0\" \/><\/a><\/td>\n<td><strong>Buckskin:<\/strong><br \/> Die K\u00f6rperfarbe ist gelblich oder golden bei schwarzem Behang und schwarzen Beinen im unteren Bereich, ein Buckskin kann einen Aalstrich, nicht jedoch \u201eZebrastreifen\u201c an den Beinen haben.<\/td>\n<\/tr>\n<tr>\n<td><a href=\"wp-content\/uploads\/pferde\/geschichte\/chestnut.jpg\" rel=\"lightbox[pferde]\" title=\"Chestnut or Sorrel\"><img decoding=\"async\" src=\"wp-content\/uploads\/pferde\/geschichte\/thumbs\/chestnut.jpg\" border=\"0\" \/><\/a><\/td>\n<td><strong>Chestnut or Sorrel:<\/strong><br \/> Auch diese Fuchsfarbe ist sehr vielf\u00e4ltig: Sie reicht von golden \u00fcber Kupfershattierungen bis hin dunkler \u201eLeberfarbe\u201c. Die dunkelste Variante kann sogar kleine schwarze Schattierungen aufweisen, die helleren wei\u00dfe Stichelhaare. M\u00e4hne und Schweif k\u00f6nnen entweder diesselbe Farbe wie das Fell aufweisen oder aber bis hin zu flachsfarben gehen. In seltenen F\u00e4llen kann ein sehr heller Chestnut mit flachsfarbener M\u00e4hne mit einem Palomino verwechselt werden.<\/td>\n<\/tr>\n<tr>\n<td><a href=\"wp-content\/uploads\/pferde\/geschichte\/dun.jpg\" rel=\"lightbox[pferde]\" title=\"Dun\"><img decoding=\"async\" src=\"wp-content\/uploads\/pferde\/geschichte\/thumbs\/dun.jpg\" border=\"0\" \/><\/a><\/td>\n<td><strong>Dun:<\/strong><br \/> Wie beim Buckskin ist die K\u00f6rperfarbe gelblich bis golden, kann aber auch ein dumpfer Kupferton sein. Der Dun hat stets einen Aalstrich (wo keine wei\u00dfen Abzeichen sind) und kann \u201eZebrastreifen\u201c an den Beinen aufweisen. Das M\u00e4hnen- und Schweifhaar ist braun, r\u00f6tlich, gelb oder eine Mischung aus allen drei Farben.<\/td>\n<\/tr>\n<tr>\n<td><a href=\"wp-content\/uploads\/pferde\/geschichte\/gray.jpg\" rel=\"lightbox[pferde]\" title=\"Gray\"><img decoding=\"async\" src=\"wp-content\/uploads\/pferde\/geschichte\/thumbs\/gray.jpg\" border=\"0\" \/><\/a><\/td>\n<td><strong>Gray:<\/strong><br \/> Die Fellfarbe Gray ist eine Mischung aus wei\u00dfen und schwarzen Haaren mit dunklem Hintergrund. Fast alle Pferde dieser Farbe werden sehr dunkel geboren und entwickeln im Laufe der Jahre &#8211; anfangs vor allem um die Augen und Ohren &#8211; mehr und mehr \u201eWei\u00dfanteil\u201c im Fell. Mit jedem Jahr w\u00e4chst der Wei\u00dfanteil im Fell, ein \u00e4lteres Pferd kann dann sogar mit einem White verwechselt werden.<\/td>\n<\/tr>\n<tr>\n<td><a href=\"wp-content\/uploads\/pferde\/geschichte\/grulla.jpg\" rel=\"lightbox[pferde]\" title=\"Grulla\"><img decoding=\"async\" src=\"wp-content\/uploads\/pferde\/geschichte\/thumbs\/grulla.jpg\" border=\"0\" \/><\/a><\/td>\n<td><strong>Grulla:<\/strong><br \/> Diese Farbe wird oft als rauch-, mausfarben oder taubengrau bezeichnet und resultiert nicht aus einer Mischung von dunklem und wei\u00dfem Haar. Jedes einzelne Haar weist die entsprechende F\u00e4rbung auf. M\u00e4hne und Schweif sowie die unteren Beinpartien sind schwarz, manchmal haben Grullas auch Zebrastreifen und\/oder Aalstriche.<\/td>\n<\/tr>\n<tr>\n<td><a href=\"wp-content\/uploads\/pferde\/geschichte\/palomino.jpg\" rel=\"lightbox[pferde]\" title=\"Palomino\"><img decoding=\"async\" src=\"wp-content\/uploads\/pferde\/geschichte\/thumbs\/palomino.jpg\" border=\"0\" \/><\/a><\/td>\n<td><strong>Palomino:<\/strong><br \/> Die Farbe des Palominos wird oft als 22-Karat Gold beschrieben. Generell ist die Fellfarbe gl\u00e4nzend goldgelb, M\u00e4hne und Schweif sind immer heller als die Fellfarbe, oft sogar fast wei\u00df. \u201eApfelschimmel-artige\u201c Flecken sind keine Appaloosa-Fleckung.<\/td>\n<\/tr>\n<tr>\n<td><a href=\"wp-content\/uploads\/pferde\/geschichte\/redroan.jpg\" rel=\"lightbox[pferde]\" title=\"Red Roan\"><img decoding=\"async\" src=\"wp-content\/uploads\/pferde\/geschichte\/thumbs\/redroan.jpg\" border=\"0\" \/><\/a><\/td>\n<td><strong>Red Roan:<\/strong><br \/> Diese Farbe ensteht durch eine Mischung der Grundfarbe mit wei\u00dfen Stichelhaaren. Im Red Roan vermischen sich somit rote &#8211; chestnut-farbene &#8211; und wei\u00dfe Haare. Kopf und Beine erscheinen meist einfarbig, M\u00e4hne und Schweif korrespondieren mit der Grundfarbe, k\u00f6nnen aber auch mit wei\u00dfen Haaren durchzogen sein.<\/td>\n<\/tr>\n<tr>\n<td><a href=\"wp-content\/uploads\/pferde\/geschichte\/blueroan.jpg\" rel=\"lightbox[pferde]\" title=\"Blue Roan\"><img decoding=\"async\" src=\"wp-content\/uploads\/pferde\/geschichte\/thumbs\/blueroan.jpg\" border=\"0\" \/><\/a><\/td>\n<td><strong>Blue Roan:<\/strong><br \/> Im Blue Roan mischen sich zur schwarzen Grundfarbe wei\u00dfe Haare ins Fell, M\u00e4hne und Schweif k\u00f6nnen schwarz, aber auch grau sein. Typisch f\u00fcr die Appaloosa-Roans ist die st\u00e4rkere Aufhellung an der Stirn und den Gesichtsknochen , meist wird ein Roan im Alter heller.<\/td>\n<\/tr>\n<tr>\n<td><a href=\"wp-content\/uploads\/pferde\/geschichte\/bayroan.jpg\" rel=\"lightbox[pferde]\" title=\"Bay Roan\"><img decoding=\"async\" src=\"wp-content\/uploads\/pferde\/geschichte\/thumbs\/bayroan.jpg\" border=\"0\" \/><\/a><\/td>\n<td><strong>Bay Roan:<\/strong><br \/> Im Bay Roan mischen sich zur braunen Grundfarbe wei\u00dfe Haare ins Fell, M\u00e4hne und Schweif k\u00f6nnen schwarz, aber auch grau sein. Typisch f\u00fcr die Appaloosa-Roans ist die st\u00e4rkere Aufhellung an der Stirn und den Gesichtsknochen , meist wird ein Roan im Alter heller.<\/td>\n<\/tr>\n<\/tbody>\n<\/table>\n","protected":false},"excerpt":{"rendered":"<p>Bay: Diese Farbe deckt alle helleren und r\u00f6tlichen Braunt\u00f6ne ab, wobei M\u00e4hne, Schweif und die unteren Beinregionen schwarz sind. Dark Bay or Brown: So werden dunkel- oder schwarzbraune Pferde benannt, die um N\u00fcstern, Augen, Schultern, Unterbauch Flanken und Beininnenseiten auf Knieh\u00f6he hellere Stellen haben k\u00f6nnen. M\u00e4hne, Schweif und Beine sind [&hellip;]<\/p>\n","protected":false},"author":1,"featured_media":0,"parent":0,"menu_order":0,"comment_status":"closed","ping_status":"closed","template":"","meta":{"footnotes":""},"class_list":["post-944","page","type-page","status-publish","hentry"],"_links":{"self":[{"href":"https:\/\/appaloosa.ch\/wordpress\/index.php?rest_route=\/wp\/v2\/pages\/944","targetHints":{"allow":["GET"]}}],"collection":[{"href":"https:\/\/appaloosa.ch\/wordpress\/index.php?rest_route=\/wp\/v2\/pages"}],"about":[{"href":"https:\/\/appaloosa.ch\/wordpress\/index.php?rest_route=\/wp\/v2\/types\/page"}],"author":[{"embeddable":true,"href":"https:\/\/appaloosa.ch\/wordpress\/index.php?rest_route=\/wp\/v2\/users\/1"}],"replies":[{"embeddable":true,"href":"https:\/\/appaloosa.ch\/wordpress\/index.php?rest_route=%2Fwp%2Fv2%2Fcomments&post=944"}],"version-history":[{"count":0,"href":"https:\/\/appaloosa.ch\/wordpress\/index.php?rest_route=\/wp\/v2\/pages\/944\/revisions"}],"wp:attachment":[{"href":"https:\/\/appaloosa.ch\/wordpress\/index.php?rest_route=%2Fwp%2Fv2%2Fmedia&parent=944"}],"curies":[{"name":"wp","href":"https:\/\/api.w.org\/{rel}","templated":true}]}}