{"id":71,"date":"2011-05-01T20:22:00","date_gmt":"2011-05-01T20:22:00","guid":{"rendered":"http:\/\/localhost\/?p=71"},"modified":"2011-05-01T20:22:00","modified_gmt":"2011-05-01T20:22:00","slug":"rassestandard","status":"publish","type":"page","link":"https:\/\/appaloosa.ch\/wordpress\/?page_id=71","title":{"rendered":"Rassestandard"},"content":{"rendered":"<p>Die Standardgr\u00f6sse des Appaloosas ist zwischen 1.42 m und 1.62 m. Das Gewicht betr\u00e4gt zwischen 430 kg und 570 kg. Heute w\u00fcrde man den idealen Appaloosatyp als ausgewogenes Quadratpferd beschreiben. Der Appaloosa soll symetrisch gebaut und gut bemuskelt sein. Der Kopf soll edel sein mit gerader Nasenlinie, mittelgrossen Ohren, weit auseinanderliegenden klaren Augen. Der Kopf ist im Winkel von ungef\u00e4hr 45 Grad am Hals angesetzt und besitzt viel Ganaschenfreiheit. Der Hals soll nicht zu massig sein und korrekt angesetzt, die Schultern lang, schr\u00e4g und gut bemuskelt. Der Widerrist ist nicht zu hoch aber gut ausgepr\u00e4gt, der R\u00fccken relativ kurz mit schr\u00e4g abfallender Kuppe, der Rumpf tief und die Unterlinie lang. Die R\u00f6hren sind kurz und stehen senkrecht die Fesseln schr\u00e4g. Der Gang des Appaloosas soll ausgeglichen, weich und leichtf\u00fcssig aussehen, nicht unstet. Diese Beschreibung ist relativ allgemein gehalten, denn da diese Rasse vielseitig ist, gibt es verschiedene Typen, die sich entsprechend ihrem Verwendungszweck unterscheiden. Es leuchtet jedem ein, dass sich ein Rennpferd in einigen Punkten von einem Arbeits- (Ranch-)pferd unterscheiden muss. <\/p>\n<p> <strong>Unterscheidungsmerkmale:<\/strong><br \/> Obwohl Appaloosas am meisten an ihrer Fellmusterung erkannt werden, haben sie auch andere Unterscheidungsmerkmale:<\/p>\n<table border=\"0\" width=\"100%\">\n<tbody>\n<tr>\n<td valign=\"top\"><img decoding=\"async\" src=\"wp-content\/uploads\/pferde\/geschichte\/merkmale.jpg\" border=\"0\" \/><\/td>\n<td valign=\"top\">A: Weiss umrandete Pupille: Das Weisse auf dem Augenapfel als Umrandung der farbigen Pupille wird h\u00e4ufig als Menschenauge bezeichnet, da es dem Auge einen menschlichen Ausdruck verleiht.<\/p>\n<p> B: Gestreifte Hufe: Der besonders hart Huf des Appaloosas ist normalerweises vertikal schwarz und weiss gestreift.<\/p>\n<p> C: Marmorierte Haut: Die teilweise gefleckte Haut ist das am meisten kennzeichnende physikalische Merkmal der Rasse. Diese Fleckung von rosa und schwarzer Haut ist immer im Genitalbereich sichtbar und kann an den N\u00fcstern, Maul (Kr\u00f6tenmaul) und \u00fcberall dort, wo die Haut nicht mit  Fell bedeckt ist, zu sehen sein.<\/p>\n<p> D: Fellmuster<\/p>\n<p> E: D\u00fcnnes  M\u00e4hnen- und Schweifhaar:  Nicht alle Appaloosas zeigen dieses Merkmal, jedoch neigen manche Blutlinien besonders dazu.<\/p>\n<p> F: Schattenzeichnungen: Sie treten oft bei sticherlhaarigen Appaloosas auf. An bestimmten Stellen treten die dunklen Fellhaare verst\u00e4rkt auf, wie z.B. auf dem Nasenr\u00fccken, \u00fcbrer den Augen, in der Gegend des H\u00fcftknochens, hinter dem Ellenbogen und im Bereich des Knies.<\/td>\n<\/tr>\n<\/tbody>\n<\/table>\n<p><strong>Grundfarben, Fellmuster und Abzeichen:<\/strong><\/p>\n<table>\n<tr>\n<td><img decoding=\"async\" src=\"wp-content\/uploads\/pferde\/geschichte\/fellzeichnungen.jpg\" border=\"0\" \/> <\/td>\n<td valign=\"top\">Der Appaloosa ist bekannt f\u00fcr seine Farben und Fellzeichnungen. Seine Erscheinung und einzigartige Qualit\u00e4ten wurden bereits in den Zeichnungen der Felsbewohner verehrt. Als besondere Auszeichnung wurden sie als Reitpferde den spanischen Eroberern, Indianern und amerikanischen Siedlern zum Geschenk gemacht. Heute wird der Appaloosa wegen seiner Farbe, Vielseitigkeit, willigem Temperament und seinen sportlichen F\u00e4higkeiten in allen Reitsportarten eingesetzt.<\/td>\n<\/tr>\n<\/table>\n<p><b>Die beim ApHC gebr\u00e4uchlichen f\u00fcnf Unterscheidungen von Stellen der Deckmuster sind:<\/b><\/p>\n<ol>\n<li>Hips (H\u00fcften)<\/li>\n<li>Loin and Hips (Lenden und H\u00fcften)<\/li>\n<li>Back and Hips (R\u00fccken und H\u00fcften) &#8211; Abzeichen existieren \u00fcber einen Teil des R\u00fcckens bis zum Widerrist.<\/li>\n<li>Body and Hips (K\u00f6rper und H\u00fcften) &#8211; Abzeichen existieren von den H\u00fcften an, einschliesslich eines Teils der Schultern und\/oder des Nackens, aber nicht das ganze Pferd bedeckend.<\/li>\n<li>Entire Body (ganzer K\u00f6rper) &#8211; Abzeichen bedecken den Kopf, Nacken, Schultern, R\u00fccken, Lenden, H\u00fcften und die oberen Beine.<\/li>\n<\/ol>\n","protected":false},"excerpt":{"rendered":"<p>Die Standardgr\u00f6sse des Appaloosas ist zwischen 1.42 m und 1.62 m. Das Gewicht betr\u00e4gt zwischen 430 kg und 570 kg. Heute w\u00fcrde man den idealen Appaloosatyp als ausgewogenes Quadratpferd beschreiben. Der Appaloosa soll symetrisch gebaut und gut bemuskelt sein. Der Kopf soll edel sein mit gerader Nasenlinie, mittelgrossen Ohren, weit [&hellip;]<\/p>\n","protected":false},"author":1,"featured_media":0,"parent":0,"menu_order":0,"comment_status":"closed","ping_status":"closed","template":"","meta":{"footnotes":""},"class_list":["post-71","page","type-page","status-publish","hentry"],"_links":{"self":[{"href":"https:\/\/appaloosa.ch\/wordpress\/index.php?rest_route=\/wp\/v2\/pages\/71","targetHints":{"allow":["GET"]}}],"collection":[{"href":"https:\/\/appaloosa.ch\/wordpress\/index.php?rest_route=\/wp\/v2\/pages"}],"about":[{"href":"https:\/\/appaloosa.ch\/wordpress\/index.php?rest_route=\/wp\/v2\/types\/page"}],"author":[{"embeddable":true,"href":"https:\/\/appaloosa.ch\/wordpress\/index.php?rest_route=\/wp\/v2\/users\/1"}],"replies":[{"embeddable":true,"href":"https:\/\/appaloosa.ch\/wordpress\/index.php?rest_route=%2Fwp%2Fv2%2Fcomments&post=71"}],"version-history":[{"count":0,"href":"https:\/\/appaloosa.ch\/wordpress\/index.php?rest_route=\/wp\/v2\/pages\/71\/revisions"}],"wp:attachment":[{"href":"https:\/\/appaloosa.ch\/wordpress\/index.php?rest_route=%2Fwp%2Fv2%2Fmedia&parent=71"}],"curies":[{"name":"wp","href":"https:\/\/api.w.org\/{rel}","templated":true}]}}