{"id":69,"date":"2011-05-01T11:06:53","date_gmt":"2011-05-01T11:06:53","guid":{"rendered":"http:\/\/localhost\/?p=69"},"modified":"2011-05-01T11:06:53","modified_gmt":"2011-05-01T11:06:53","slug":"tipps-beim-kauf","status":"publish","type":"page","link":"https:\/\/appaloosa.ch\/wordpress\/?page_id=69","title":{"rendered":"Tipps beim Kauf"},"content":{"rendered":"<p><strong>Punkte die Du beim Kauf eines Appaloosas beachten solltest:<\/strong><\/p>\n<ul>\n<li>Die ersten, die die Appaloosa Zucht selektiv betrieben haben, waren die Nez Perce Indianer in den USA. Daraus folgt, dass das Ursprungsland aller auf der Welt lebenden Appaloosas Nordamerika ist.<\/li>\n<li>Danach wurde 1938 in den USA der Appaloosa Horse Club gegr\u00fcndet. Es ist bis heute die einzige, absolut g\u00fcltige Registrationsstelle f\u00fcr Appaloosas. Die Adresse lautet: Appaloosa Horse Club, Inc., P.O.Box 8403, Moscow, Idaho, USA.<\/li>\n<li>Alle korrekt registrierten Appaloosas auf der Welt sind im Zentralcomputer beim ApHC in Moscow gespeichert (mit Daten wie: Geburtsdatum, Vater, Mutter, Z\u00fcchter, Farbe usw.) Der ApHC gibt jedem Interessenten innerhalb k\u00fcrzester Zeit telefonisch oder schriftlich Auskunft \u00fcber jeden der mehr als 500&#8243;000 registrierten Appaloosas.<\/li>\n<li>Bei nicht registrierten Appaloosas ohne Abstammungsnachweis ist es unm\u00f6glich dessen Echtheit mit Sicherheit nachzuweisen.<\/li>\n<li>Der ApHC in Moscow registriert nur Pferde, bei denen mindestens ein Elternteil (Vater oder Mutter) beim ApHC registriert ist. Kreuzungen mit den Pferden folgender Registrationen sind erlaubt: American Quarter Horse Ass., Arabian Horse Registry of America, The Jockey Club (Vollblut), New York.<\/li>\n<li>Wallache oder sterilisierte Stuten deren Eltern nicht bekannt sind, werden zwar beim ApHC ebenfalls registriert wenn sie die typischen Appaloosa Merkmale besitzen, die Abstammung bleibt jedoch nach wie vor unbekannt. Es gibt einige europ\u00e4ische Pferderassen, z.B. d\u00e4nische Knabstrupper, mit allen typischen Appaloosa Merkmalen. Als Wallache oder sterilisierte Stuten k\u00f6nnen sie wohl registriert werden (Vater und Mutter unbekannt), ihre Abstammung ist jedoch europ\u00e4isch und geht nicht zu der ersten Zuchtselektion der Nez Perce Indianer zur\u00fcck.<\/li>\n<li>Die Appaloosa Merkmale sind: Fellzeichnung, pigmentierte Haut, weiss umrandete Iris, gestreifte Hufe.<\/li>\n<li>Die einfarbigen Appaloosas werden aufgrund ihrer Abstammung ebenfalls registriert.<\/li>\n<\/ul>\n","protected":false},"excerpt":{"rendered":"<p>Punkte die Du beim Kauf eines Appaloosas beachten solltest: Die ersten, die die Appaloosa Zucht selektiv betrieben haben, waren die Nez Perce Indianer in den USA. Daraus folgt, dass das Ursprungsland aller auf der Welt lebenden Appaloosas Nordamerika ist. Danach wurde 1938 in den USA der Appaloosa Horse Club gegr\u00fcndet. [&hellip;]<\/p>\n","protected":false},"author":1,"featured_media":0,"parent":0,"menu_order":0,"comment_status":"closed","ping_status":"closed","template":"","meta":{"footnotes":""},"class_list":["post-69","page","type-page","status-publish","hentry"],"_links":{"self":[{"href":"https:\/\/appaloosa.ch\/wordpress\/index.php?rest_route=\/wp\/v2\/pages\/69","targetHints":{"allow":["GET"]}}],"collection":[{"href":"https:\/\/appaloosa.ch\/wordpress\/index.php?rest_route=\/wp\/v2\/pages"}],"about":[{"href":"https:\/\/appaloosa.ch\/wordpress\/index.php?rest_route=\/wp\/v2\/types\/page"}],"author":[{"embeddable":true,"href":"https:\/\/appaloosa.ch\/wordpress\/index.php?rest_route=\/wp\/v2\/users\/1"}],"replies":[{"embeddable":true,"href":"https:\/\/appaloosa.ch\/wordpress\/index.php?rest_route=%2Fwp%2Fv2%2Fcomments&post=69"}],"version-history":[{"count":0,"href":"https:\/\/appaloosa.ch\/wordpress\/index.php?rest_route=\/wp\/v2\/pages\/69\/revisions"}],"wp:attachment":[{"href":"https:\/\/appaloosa.ch\/wordpress\/index.php?rest_route=%2Fwp%2Fv2%2Fmedia&parent=69"}],"curies":[{"name":"wp","href":"https:\/\/api.w.org\/{rel}","templated":true}]}}