{"id":5,"date":"2011-03-21T23:21:33","date_gmt":"2011-03-21T23:21:33","guid":{"rendered":"http:\/\/localhost\/?p=5"},"modified":"2011-03-21T23:21:33","modified_gmt":"2011-03-21T23:21:33","slug":"mitgliedschaft","status":"publish","type":"page","link":"https:\/\/appaloosa.ch\/wordpress\/?page_id=5","title":{"rendered":"Mitgliedschaft"},"content":{"rendered":"<p>Mitgliedschaft beim Appaloosa Horse Club Switzerland<\/p>\n<hr \/>\n<table border=\"0\" width=\"100%\">\n<tbody>\n<tr>\n<td width=\"80%\" valign=\"top\"><strong>Mitgliedschaft<\/strong><\/td>\n<td width=\"20%\" valign=\"top\"><strong>CHF<\/strong><\/td>\n<\/tr>\n<tr>\n<td width=\"80%\" valign=\"top\">Aktivmitglied<\/td>\n<td width=\"20%\" valign=\"top\">100.00<\/td>\n<\/tr>\n<tr>\n<td width=\"80%\" valign=\"top\">Passivmitglied<\/td>\n<td width=\"20%\" valign=\"top\">80.00<\/td>\n<\/tr>\n<tr>\n<td width=\"80%\" valign=\"top\">Jugendmitglied<\/td>\n<td width=\"20%\" valign=\"top\">60.00<\/td>\n<\/tr>\n<tr>\n<td width=\"80%\" valign=\"top\">Einmalige Eintrittsgeb\u00fchr<\/td>\n<td width=\"20%\" valign=\"top\">50.00<\/td>\n<\/tr>\n<tr>\n<td width=\"80%\" valign=\"top\">Familienrabatt<\/td>\n<td width=\"20%\" valign=\"top\">50%<\/td>\n<\/tr>\n<\/tbody>\n<\/table>\n<p>Bei zwei oder mehr Mitgliedern im gleichen Haushalt zahlt ein Aktivmitglied den vollen Betrag, die restlichen bezahlen die H\u00e4lfte des Beitrages.<\/p>\n<hr \/>\n<p><a href=\"wp-content\/uploads\/downloads\/Anmeldung_Mitgliedschaft_ApHCS.pdf\" target=\"_blank\">Anmeldung f\u00fcr eine Mitgliedschaft<\/a><\/p>\n<p><\/p>\n<ul>\n<li>Der Mitgliederbetrag wird nach Erhalt der Anmeldung mittels Einzahlungsschein in Rechnung gestellt.<br \/> Beitr\u00e4ge k\u00f6nnen durch Mithilfe an Anl\u00e4ssen reduziert werden.<\/li>\n<li>Die Mitgliedschaft beinhaltet ein Abonnement der Zeitschrift <a href=\"http:\/\/www.westerner.ch\" target=\"_blank\">Westerner<\/a>.<\/li>\n<li>Mitglieder k\u00f6nnen gratis Inserate f\u00fcr Verkaufspferde und Deckangebote auf der Appaloosa-Webseite aufgeben.<\/li>\n<li>An den Kursen vom ApHCS k\u00f6nnen Mitglieder zu einem verg\u00fcnstigten Preis teilnehmen.<\/li>\n<\/ul>\n","protected":false},"excerpt":{"rendered":"<p>Mitgliedschaft beim Appaloosa Horse Club Switzerland Mitgliedschaft CHF Aktivmitglied 100.00 Passivmitglied 80.00 Jugendmitglied 60.00 Einmalige Eintrittsgeb\u00fchr 50.00 Familienrabatt 50% Bei zwei oder mehr Mitgliedern im gleichen Haushalt zahlt ein Aktivmitglied den vollen Betrag, die restlichen bezahlen die H\u00e4lfte des Beitrages. Anmeldung f\u00fcr eine Mitgliedschaft Der Mitgliederbetrag wird nach Erhalt der [&hellip;]<\/p>\n","protected":false},"author":1,"featured_media":0,"parent":0,"menu_order":0,"comment_status":"closed","ping_status":"closed","template":"","meta":{"footnotes":""},"class_list":["post-5","page","type-page","status-publish","hentry"],"_links":{"self":[{"href":"https:\/\/appaloosa.ch\/wordpress\/index.php?rest_route=\/wp\/v2\/pages\/5","targetHints":{"allow":["GET"]}}],"collection":[{"href":"https:\/\/appaloosa.ch\/wordpress\/index.php?rest_route=\/wp\/v2\/pages"}],"about":[{"href":"https:\/\/appaloosa.ch\/wordpress\/index.php?rest_route=\/wp\/v2\/types\/page"}],"author":[{"embeddable":true,"href":"https:\/\/appaloosa.ch\/wordpress\/index.php?rest_route=\/wp\/v2\/users\/1"}],"replies":[{"embeddable":true,"href":"https:\/\/appaloosa.ch\/wordpress\/index.php?rest_route=%2Fwp%2Fv2%2Fcomments&post=5"}],"version-history":[{"count":0,"href":"https:\/\/appaloosa.ch\/wordpress\/index.php?rest_route=\/wp\/v2\/pages\/5\/revisions"}],"wp:attachment":[{"href":"https:\/\/appaloosa.ch\/wordpress\/index.php?rest_route=%2Fwp%2Fv2%2Fmedia&parent=5"}],"curies":[{"name":"wp","href":"https:\/\/api.w.org\/{rel}","templated":true}]}}